{"id":5,"date":"2019-04-08T11:27:58","date_gmt":"2019-04-08T02:27:58","guid":{"rendered":"https:\/\/dimag.ibs.re.kr\/seymour70\/?page_id=5"},"modified":"2021-12-19T08:17:52","modified_gmt":"2021-12-18T23:17:52","slug":"seymour-is-70","status":"publish","type":"page","link":"https:\/\/dimag.ibs.re.kr\/seymour70\/","title":{"rendered":"Seymour is Seventy"},"content":{"rendered":"\n<p>A conference honouring the seventieth birthday of <strong><a href=\"https:\/\/en.wikipedia.org\/wiki\/Paul_Seymour_(mathematician)\">Paul Seymour<\/a><\/strong>.<\/p>\n\n\n\n<p class=\"has-vivid-red-color has-text-color\"><strong>(December 19, 2021) Due to the COVID-19, the organizers decided to cancel the conference &#8220;Seymour is Seventy&#8221;.<\/strong><\/p>\n\n\n\n<p>(January 19, 2021) Due to the COVID-19, the organizers decided to postpone the conference &#8220;Seymour is Seventy&#8221;. We hope to run this event in the summer of 2022 instead. Specific decisions on the dates are to be posted here when the situation clarifies.<\/p>\n\n\n\n<p>(September 14, 2020) Due to the COVID-19, the organizers decided to postpone the conference &#8220;Seymour is Seventy&#8221; to June 14-18, 2021 tentatively. The final decision will be made at the beginning of 2021.<\/p>\n\n\n\n<p>(March 23, 2020) Due to the COVID-19, the organizers decided to postpone the conference &#8220;Seymour is Seventy&#8221;. Seymour remains young until further notice. <\/p>\n\n\n\n<div class=\"wp-block-cover has-background-dim\" style=\"min-height:1000px;aspect-ratio:unset;\"><img loading=\"lazy\" decoding=\"async\" width=\"525\" height=\"742\" class=\"wp-block-cover__image-background wp-image-130\" alt=\"\" src=\"https:\/\/i0.wp.com\/dimag.ibs.re.kr\/seymour70\/wp-content\/uploads\/2020\/03\/SEYMOUR_SEVENTY.png?resize=525%2C742&#038;ssl=1\" style=\"object-position:50% 0%\" data-object-fit=\"cover\" data-object-position=\"50% 0%\" srcset=\"https:\/\/i0.wp.com\/dimag.ibs.re.kr\/seymour70\/wp-content\/uploads\/2020\/03\/SEYMOUR_SEVENTY.png?w=2000&amp;ssl=1 2000w, https:\/\/i0.wp.com\/dimag.ibs.re.kr\/seymour70\/wp-content\/uploads\/2020\/03\/SEYMOUR_SEVENTY.png?resize=212%2C300&amp;ssl=1 212w, https:\/\/i0.wp.com\/dimag.ibs.re.kr\/seymour70\/wp-content\/uploads\/2020\/03\/SEYMOUR_SEVENTY.png?resize=724%2C1024&amp;ssl=1 724w, https:\/\/i0.wp.com\/dimag.ibs.re.kr\/seymour70\/wp-content\/uploads\/2020\/03\/SEYMOUR_SEVENTY.png?resize=768%2C1086&amp;ssl=1 768w, https:\/\/i0.wp.com\/dimag.ibs.re.kr\/seymour70\/wp-content\/uploads\/2020\/03\/SEYMOUR_SEVENTY.png?resize=1086%2C1536&amp;ssl=1 1086w, https:\/\/i0.wp.com\/dimag.ibs.re.kr\/seymour70\/wp-content\/uploads\/2020\/03\/SEYMOUR_SEVENTY.png?resize=1448%2C2048&amp;ssl=1 1448w, https:\/\/i0.wp.com\/dimag.ibs.re.kr\/seymour70\/wp-content\/uploads\/2020\/03\/SEYMOUR_SEVENTY.png?w=1575&amp;ssl=1 1575w\" sizes=\"(max-width: 767px) 89vw, (max-width: 1000px) 54vw, (max-width: 1071px) 543px, 580px\" data-recalc-dims=\"1\" \/><div class=\"wp-block-cover__inner-container is-layout-flow wp-block-cover-is-layout-flow\">\n<p class=\"has-very-light-gray-color has-text-color has-large-font-size\">CANCELLED<\/p>\n<\/div><\/div>\n\n\n\n<h2 class=\"wp-block-heading\">Important Dates<\/h2>\n\n\n\n<ul class=\"wp-block-list\"><li><s>Deadline for poster submission: March 31, 2020<\/s><\/li><li><s>Notification of acceptance of posters: April 3, 2020<\/s><\/li><li><s>Early bird registration: April 12, 2020<\/s><\/li><li><s>Late registration: May 13, 2020<\/s><\/li><li><s><strong>Conference<\/strong>: <strong>June 15 &#8211; 19, 2020<\/strong><\/s><\/li><li><s>Tentative date: <strong>June 14-18, 2021<\/strong><\/s><\/li><\/ul>\n\n\n\n<h2 class=\"wp-block-heading\">Location<\/h2>\n\n\n\n<p>ENS de Lyon, France.  (<a href=\"http:\/\/www.ens-lyon.fr\/LIP\/index.php\/useful-informations\">Travel Instruction<\/a>)<\/p>\n\n\n\n<h2 class=\"wp-block-heading\">Plenary Speakers<\/h2>\n\n\n\n<ul class=\"wp-block-list\"><li><a href=\"https:\/\/web.math.princeton.edu\/~nalon\/\">Noga Alon<\/a>, <em>Princeton University<\/em> \/ <em>Tel Aviv University<\/em><\/li><li><a href=\"https:\/\/web.math.princeton.edu\/~mchudnov\">Maria Chudnovsky<\/a>, <em>Princeton University<\/em><\/li><li><a href=\"https:\/\/ttic.uchicago.edu\/~cjulia\/\">Julia Chuzhoy<\/a>, <em>Toyota Technological Institute at Chicago <\/em><\/li><li><a href=\"http:\/\/integer.tepper.cmu.edu\">G\u00e9rard Cornu\u00e9jols<\/a>, <em>Carnegie Mellon University<\/em><\/li><li><a href=\"http:\/\/www.sfu.ca\/~mdevos\/\">Matt DeVos<\/a>, <em>Simon Fraser University<\/em><\/li><li><a href=\"https:\/\/www.math.lsu.edu\/~ding\/\">Guoli Ding<\/a>, <em>Louisiana State University<\/em><\/li><li><a href=\"http:\/\/stanford.edu\/~jacobfox\/\">Jacob Fox<\/a>, <em>Stanford University<\/em><\/li><li><a href=\"http:\/\/www.renyi.hu\/~gyarfas\/\">Andr\u00e1s Gy\u00e1rf\u00e1s<\/a>, <em>Hungarian Academy of Sciences<\/em><\/li><li><a href=\"https:\/\/faculty.math.illinois.edu\/~kostochk\">Alexandr V. Kostochka<\/a>, <em>University of Illinois at Urbana-Champaign<\/em><\/li><li><a href=\"http:\/\/www.math.tamu.edu\/~chliu\/\">Chun-Hung Liu<\/a>, <em>Texas A&amp;M University<\/em><\/li><li><a href=\"http:\/\/www.math.mcgill.ca\/snorin\/\">Sergey Norin<\/a><span>, <\/span><em>McGill University<\/em><\/li><li><a href=\"https:\/\/dimag.ibs.re.kr\/home\/sangil\/\">Sang-il Oum<\/a>, <em>IBS Discrete Mathematics Group<\/em> \/ <em>KAIST<\/em><\/li><li><a href=\"https:\/\/www.cs.mcgill.ca\/~breed\/\">Bruce Reed<\/a>, <em>McGill University<\/em><\/li><li><a href=\"https:\/\/homepages.cwi.nl\/~lex\/\">Alexander Schrijver<\/a>, <em>University of Amsterdam<\/em> \/ <em>CWI Amsterdam<\/em><\/li><li><a href=\"https:\/\/people.maths.ox.ac.uk\/scott\/\">Alex Scott<\/a>, <em>University of Oxford<\/em><\/li><li><a href=\"https:\/\/sites.google.com\/site\/sophiespirkl\/\">Sophie Spirkl<\/a>, <em>University of Waterloo<\/em><\/li><li><a href=\"https:\/\/people.math.ethz.ch\/~sudakovb\/\">Benny Sudakov<\/a>, <em>ETH<\/em> Zurich<\/li><li><a href=\"http:\/\/perso.ens-lyon.fr\/stephan.thomasse\/\">St\u00e9phan Thomass\u00e9<\/a>, <em>ENS de Lyon<\/em><\/li><li><a href=\"http:\/\/www2.mat.dtu.dk\/people\/C.Thomassen\/\">Carsten Thomassen<\/a>, <em>Technical University of Denmark<\/em><\/li><li><a href=\"https:\/\/algorithms.leeds.ac.uk\/profiles\/kristina\/\">Kristina Vu\u0161kovi\u0107<\/a>, <em>University of Leeds<\/em><\/li><li><a href=\"http:\/\/wwwusers.di.uniroma1.it\/~wollan\/\">Paul Wollan<\/a>, <em>University of Rome &#8220;La Sapienza&#8221;<\/em><\/li><\/ul>\n\n\n\n<h2 class=\"wp-block-heading\">Submit a poster<\/h2>\n\n\n\n<p>Poster submission to <em>Seymour is Seventy<\/em> is open.<\/p>\n\n\n\n<ul class=\"wp-block-list\"><li>Deadline to submit a poster: <s>March 31, 2020<\/s>.<br>Late submissions will be considered, with no guarantee on the date of acceptance.<\/li><li>Notification of acceptance: <s>April 3, 2020.<\/s><\/li><li>Instruction: Submit a pdf file on <a href=\"https:\/\/easychair.org\/conferences\/?conf=s70\">easychair.org website<\/a>, either the pdf of the poster or a paper on which the poster will be based on. Submission website: <a class=\"\" href=\"https:\/\/easychair.org\/conferences\/?conf=s70\">https:\/\/easychair.org\/conferences\/?conf=s70<\/a><\/li><\/ul>\n\n\n\n<h2 class=\"wp-block-heading\">Registration<\/h2>\n\n\n\n<p><s>Click <a rel=\"noreferrer noopener\" aria-label=\" (opens in a new tab)\" href=\"http:\/\/colloques.ens-lyon.fr\/eventShow\/Seymour2020\" target=\"_blank\">here<\/a> (<a rel=\"noreferrer noopener\" aria-label=\" (opens in a new tab)\" href=\"http:\/\/colloques.ens-lyon.fr\/eventShow\/Seymour2020\" target=\"_blank\">http:\/\/colloques.ens-lyon.fr\/eventShow\/Seymour2020<\/a>) to <strong>register<\/strong> until <strong>April 12, 2020<\/strong> (early bird) and until <strong>May 13, 2020<\/strong> (late).<\/s><\/p>\n\n\n\n<h2 class=\"wp-block-heading\">Response to the COVID-19<\/h2>\n\n\n\n<p>In the case of canceling the whole conference due to the international outbreak of COVID-19, the registration fees will be refunded.<\/p>\n\n\n\n<h2 class=\"wp-block-heading\">Organizers<\/h2>\n\n\n\n<ul class=\"wp-block-list\"><li><a href=\"https:\/\/web.math.princeton.edu\/~mchudnov\">Maria Chudnovsky<\/a> (<em>Princeton University<\/em>)<\/li><li><a href=\"https:\/\/dimag.ibs.re.kr\/home\/sangil\/\">Sang-il Oum<\/a> (<em>IBS Discrete Mathematics Group<\/em> and <em>KAIST<\/em>)<\/li><li><a href=\"http:\/\/perso.ens-lyon.fr\/nicolas.trotignon\/\">Nicolas Trotignon<\/a> (<em>CNRS, ENS de Lyon<\/em>)<\/li><\/ul>\n\n\n\n<h2 class=\"wp-block-heading\">Sponsors<\/h2>\n\n\n\n<div class=\"wp-block-columns has-4-columns is-layout-flex wp-container-core-columns-is-layout-1 wp-block-columns-is-layout-flex\">\n<div class=\"wp-block-column is-layout-flow wp-block-column-is-layout-flow\">\n<div class=\"wp-block-image\"><figure class=\"aligncenter is-resized\"><a href=\"https:\/\/dimag.ibs.re.kr\/\"><img loading=\"lazy\" decoding=\"async\" src=\"https:\/\/i0.wp.com\/dimag.ibs.re.kr\/seymour70\/wp-content\/uploads\/2019\/07\/dimag-lg.png?resize=150%2C36&#038;ssl=1\" alt=\"\" class=\"wp-image-69\" width=\"150\" height=\"36\" srcset=\"https:\/\/i0.wp.com\/dimag.ibs.re.kr\/seymour70\/wp-content\/uploads\/2019\/07\/dimag-lg.png?resize=300%2C71&amp;ssl=1 300w, https:\/\/i0.wp.com\/dimag.ibs.re.kr\/seymour70\/wp-content\/uploads\/2019\/07\/dimag-lg.png?resize=768%2C182&amp;ssl=1 768w, https:\/\/i0.wp.com\/dimag.ibs.re.kr\/seymour70\/wp-content\/uploads\/2019\/07\/dimag-lg.png?resize=1024%2C243&amp;ssl=1 1024w, https:\/\/i0.wp.com\/dimag.ibs.re.kr\/seymour70\/wp-content\/uploads\/2019\/07\/dimag-lg.png?w=1620&amp;ssl=1 1620w\" sizes=\"(max-width: 150px) 100vw, 150px\" data-recalc-dims=\"1\" \/><\/a><\/figure><\/div>\n<\/div>\n\n\n\n<div class=\"wp-block-column is-layout-flow wp-block-column-is-layout-flow\">\n<div class=\"wp-block-image\"><figure class=\"aligncenter is-resized\"><a href=\"http:\/\/www.ens-lyon.fr\/LIP\/\"><img loading=\"lazy\" decoding=\"async\" src=\"https:\/\/i0.wp.com\/dimag.ibs.re.kr\/seymour70\/wp-content\/uploads\/2019\/04\/logo_lip_HD.png?resize=75%2C50&#038;ssl=1\" alt=\"\" class=\"wp-image-23\" width=\"75\" height=\"50\" srcset=\"https:\/\/i0.wp.com\/dimag.ibs.re.kr\/seymour70\/wp-content\/uploads\/2019\/04\/logo_lip_HD.png?resize=300%2C200&amp;ssl=1 300w, https:\/\/i0.wp.com\/dimag.ibs.re.kr\/seymour70\/wp-content\/uploads\/2019\/04\/logo_lip_HD.png?resize=768%2C512&amp;ssl=1 768w, https:\/\/i0.wp.com\/dimag.ibs.re.kr\/seymour70\/wp-content\/uploads\/2019\/04\/logo_lip_HD.png?resize=1024%2C683&amp;ssl=1 1024w, https:\/\/i0.wp.com\/dimag.ibs.re.kr\/seymour70\/wp-content\/uploads\/2019\/04\/logo_lip_HD.png?w=1575&amp;ssl=1 1575w\" sizes=\"(max-width: 75px) 100vw, 75px\" data-recalc-dims=\"1\" \/><\/a><\/figure><\/div>\n<\/div>\n\n\n\n<div class=\"wp-block-column is-layout-flow wp-block-column-is-layout-flow\">\n<div class=\"wp-block-image\"><figure class=\"aligncenter\"><a href=\"http:\/\/www.ens-lyon.fr\/en\/\"><img loading=\"lazy\" decoding=\"async\" width=\"128\" height=\"43\" src=\"https:\/\/i0.wp.com\/dimag.ibs.re.kr\/seymour70\/wp-content\/uploads\/2019\/06\/logoEnsLyon128.png?resize=128%2C43&#038;ssl=1\" alt=\"\" class=\"wp-image-55\" data-recalc-dims=\"1\"\/><\/a><\/figure><\/div>\n<\/div>\n\n\n\n<div class=\"wp-block-column is-layout-flow wp-block-column-is-layout-flow\">\n<div class=\"wp-block-image\"><figure class=\"aligncenter\"><a href=\"https:\/\/www.math.princeton.edu\"><img loading=\"lazy\" decoding=\"async\" width=\"202\" height=\"76\" src=\"https:\/\/i0.wp.com\/dimag.ibs.re.kr\/seymour70\/wp-content\/uploads\/2019\/04\/pusig2-size-web-range_1.jpg?resize=202%2C76&#038;ssl=1\" alt=\"\" class=\"wp-image-22\" data-recalc-dims=\"1\"\/><\/a><\/figure><\/div>\n<\/div>\n<\/div>\n\n\n\n<ul class=\"wp-block-list\"><li><a href=\"https:\/\/dimag.ibs.re.kr\/\">IBS Discrete Mathematics Group (DIMAG), Daejeon, South Korea<\/a><\/li><li><a href=\"http:\/\/www.ens-lyon.fr\/LIP\/\">LIP, ENS de Lyon, Lyon, France\ufeff<\/a><\/li><li><a href=\"https:\/\/www.math.princeton.edu\">Department of Mathematics, Princeton University, Princeton, USA<\/a><\/li><\/ul>\n\n\n\n<h2 class=\"wp-block-heading\">Poster<\/h2>\n\n\n\n<div class=\"wp-block-image\"><figure class=\"aligncenter\"><a href=\"https:\/\/dimag.ibs.re.kr\/seymour70\/wp-content\/uploads\/2019\/10\/seymour_poster.pdf\"><img loading=\"lazy\" decoding=\"async\" width=\"212\" height=\"300\" src=\"https:\/\/i0.wp.com\/dimag.ibs.re.kr\/seymour70\/wp-content\/uploads\/2019\/10\/poster.png?resize=212%2C300&#038;ssl=1\" alt=\"\" class=\"wp-image-86\" srcset=\"https:\/\/i0.wp.com\/dimag.ibs.re.kr\/seymour70\/wp-content\/uploads\/2019\/10\/poster.png?resize=212%2C300&amp;ssl=1 212w, https:\/\/i0.wp.com\/dimag.ibs.re.kr\/seymour70\/wp-content\/uploads\/2019\/10\/poster.png?w=707&amp;ssl=1 707w\" sizes=\"(max-width: 212px) 100vw, 212px\" data-recalc-dims=\"1\" \/><\/a><\/figure><\/div>\n\n\n\n<h2 class=\"wp-block-heading\">Remark: SGT 2020<\/h2>\n\n\n\n<p>A <a href=\"https:\/\/sgt2020.limos.fr\/\">School on Graph Theory<\/a> will take place a week before&nbsp;<a href=\"https:\/\/dimag.ibs.re.kr\/seymour70\/\">Seymour is Seventy<\/a> from June 07 to June 12, 2020, in Murol (near Clermont-Ferrand, 160km from Lyon), France.<\/p>\n\n\n\n<p>Website: <a class=\"\" href=\"https:\/\/sgt2020.limos.fr\/\">https:\/\/sgt2020.limos.fr\/<\/a><\/p>\n\n\n\n<p>The school will consist of three series of lectures on the following topics:<\/p>\n\n\n\n<ul class=\"wp-block-list\"><li><strong>Excluding induced subgraphs<\/strong>, by&nbsp;<a href=\"https:\/\/web.math.princeton.edu\/~pds\/\">Paul Seymour<\/a>.<\/li><li><strong>Coloring geometric graphs<\/strong>, by&nbsp;<a href=\"http:\/\/page.math.tu-berlin.de\/~micek\/\">Piotr Micek<\/a>.<\/li><li><strong>Graphs minors, structure and algorithms<\/strong>, by&nbsp;<a href=\"http:\/\/wwwusers.di.uniroma1.it\/~wollan\/\">Paul Wollan<\/a>.<\/li><\/ul>\n","protected":false},"excerpt":{"rendered":"<p>A conference honouring the seventieth birthday of Paul Seymour. (December 19, 2021) Due to the COVID-19, the organizers decided to cancel the conference &#8220;Seymour is Seventy&#8221;. (January 19, 2021) Due to the COVID-19, the organizers decided to postpone the conference &#8220;Seymour is Seventy&#8221;. We hope to run this event in the summer of 2022 instead. &hellip; <\/p>\n<p class=\"link-more\"><a href=\"https:\/\/dimag.ibs.re.kr\/seymour70\/\" class=\"more-link\">Continue reading<span class=\"screen-reader-text\"> &#8220;Seymour is Seventy&#8221;<\/span><\/a><\/p>\n","protected":false},"author":1,"featured_media":0,"parent":0,"menu_order":0,"comment_status":"closed","ping_status":"closed","template":"","meta":{"jetpack_post_was_ever_published":false,"footnotes":""},"class_list":["post-5","page","type-page","status-publish","hentry"],"yoast_head":"<!-- This site is optimized with the Yoast SEO plugin v23.1 - https:\/\/yoast.com\/wordpress\/plugins\/seo\/ -->\n<title>Seymour is Seventy - Seymour is Seventy<\/title>\n<meta name=\"description\" content=\"A conference honoring the seventieth birthday of Paul Seymour. Date: June 15-19, 2020. Location: Lyon, France.\" \/>\n<meta name=\"robots\" content=\"index, follow, max-snippet:-1, max-image-preview:large, max-video-preview:-1\" \/>\n<link rel=\"canonical\" href=\"https:\/\/dimag.ibs.re.kr\/seymour70\/\" \/>\n<meta property=\"og:locale\" content=\"en_US\" \/>\n<meta property=\"og:type\" content=\"article\" \/>\n<meta property=\"og:title\" content=\"Seymour is Seventy - Seymour is Seventy\" \/>\n<meta property=\"og:description\" content=\"A conference honoring the seventieth birthday of Paul Seymour. Date: June 15-19, 2020. Location: Lyon, France.\" \/>\n<meta property=\"og:url\" content=\"https:\/\/dimag.ibs.re.kr\/seymour70\/\" \/>\n<meta property=\"og:site_name\" content=\"Seymour is Seventy\" \/>\n<meta property=\"article:modified_time\" content=\"2021-12-18T23:17:52+00:00\" \/>\n<meta property=\"og:image\" content=\"https:\/\/dimag.ibs.re.kr\/seymour70\/wp-content\/uploads\/2020\/03\/SEYMOUR_SEVENTY.png\" \/>\n<meta name=\"twitter:card\" content=\"summary_large_image\" \/>\n<meta name=\"twitter:label1\" content=\"Est. reading time\" \/>\n\t<meta name=\"twitter:data1\" content=\"4 minutes\" \/>\n<script type=\"application\/ld+json\" class=\"yoast-schema-graph\">{\"@context\":\"https:\/\/schema.org\",\"@graph\":[{\"@type\":\"WebPage\",\"@id\":\"https:\/\/dimag.ibs.re.kr\/seymour70\/\",\"url\":\"https:\/\/dimag.ibs.re.kr\/seymour70\/\",\"name\":\"Seymour is Seventy - Seymour is Seventy\",\"isPartOf\":{\"@id\":\"https:\/\/dimag.ibs.re.kr\/seymour70\/#website\"},\"primaryImageOfPage\":{\"@id\":\"https:\/\/dimag.ibs.re.kr\/seymour70\/#primaryimage\"},\"image\":{\"@id\":\"https:\/\/dimag.ibs.re.kr\/seymour70\/#primaryimage\"},\"thumbnailUrl\":\"https:\/\/dimag.ibs.re.kr\/seymour70\/wp-content\/uploads\/2020\/03\/SEYMOUR_SEVENTY.png\",\"datePublished\":\"2019-04-08T02:27:58+00:00\",\"dateModified\":\"2021-12-18T23:17:52+00:00\",\"description\":\"A conference honoring the seventieth birthday of Paul Seymour. Date: June 15-19, 2020. Location: Lyon, France.\",\"breadcrumb\":{\"@id\":\"https:\/\/dimag.ibs.re.kr\/seymour70\/#breadcrumb\"},\"inLanguage\":\"en-US\",\"potentialAction\":[{\"@type\":\"ReadAction\",\"target\":[\"https:\/\/dimag.ibs.re.kr\/seymour70\/\"]}]},{\"@type\":\"ImageObject\",\"inLanguage\":\"en-US\",\"@id\":\"https:\/\/dimag.ibs.re.kr\/seymour70\/#primaryimage\",\"url\":\"https:\/\/i0.wp.com\/dimag.ibs.re.kr\/seymour70\/wp-content\/uploads\/2020\/03\/SEYMOUR_SEVENTY.png?fit=2000%2C2828&ssl=1\",\"contentUrl\":\"https:\/\/i0.wp.com\/dimag.ibs.re.kr\/seymour70\/wp-content\/uploads\/2020\/03\/SEYMOUR_SEVENTY.png?fit=2000%2C2828&ssl=1\",\"width\":2000,\"height\":2828},{\"@type\":\"BreadcrumbList\",\"@id\":\"https:\/\/dimag.ibs.re.kr\/seymour70\/#breadcrumb\",\"itemListElement\":[{\"@type\":\"ListItem\",\"position\":1,\"name\":\"Home\",\"item\":\"https:\/\/dimag.ibs.re.kr\/seymour70\/\"},{\"@type\":\"ListItem\",\"position\":2,\"name\":\"Seymour is Seventy\"}]},{\"@type\":\"WebSite\",\"@id\":\"https:\/\/dimag.ibs.re.kr\/seymour70\/#website\",\"url\":\"https:\/\/dimag.ibs.re.kr\/seymour70\/\",\"name\":\"Seymour is Seventy\",\"description\":\"June 14 - 18, 2021\",\"potentialAction\":[{\"@type\":\"SearchAction\",\"target\":{\"@type\":\"EntryPoint\",\"urlTemplate\":\"https:\/\/dimag.ibs.re.kr\/seymour70\/?s={search_term_string}\"},\"query-input\":\"required name=search_term_string\"}],\"inLanguage\":\"en-US\"}]}<\/script>\n<!-- \/ Yoast SEO plugin. -->","yoast_head_json":{"title":"Seymour is Seventy - Seymour is Seventy","description":"A conference honoring the seventieth birthday of Paul Seymour. Date: June 15-19, 2020. Location: Lyon, France.","robots":{"index":"index","follow":"follow","max-snippet":"max-snippet:-1","max-image-preview":"max-image-preview:large","max-video-preview":"max-video-preview:-1"},"canonical":"https:\/\/dimag.ibs.re.kr\/seymour70\/","og_locale":"en_US","og_type":"article","og_title":"Seymour is Seventy - Seymour is Seventy","og_description":"A conference honoring the seventieth birthday of Paul Seymour. Date: June 15-19, 2020. Location: Lyon, France.","og_url":"https:\/\/dimag.ibs.re.kr\/seymour70\/","og_site_name":"Seymour is Seventy","article_modified_time":"2021-12-18T23:17:52+00:00","og_image":[{"url":"https:\/\/dimag.ibs.re.kr\/seymour70\/wp-content\/uploads\/2020\/03\/SEYMOUR_SEVENTY.png"}],"twitter_card":"summary_large_image","twitter_misc":{"Est. reading time":"4 minutes"},"schema":{"@context":"https:\/\/schema.org","@graph":[{"@type":"WebPage","@id":"https:\/\/dimag.ibs.re.kr\/seymour70\/","url":"https:\/\/dimag.ibs.re.kr\/seymour70\/","name":"Seymour is Seventy - Seymour is Seventy","isPartOf":{"@id":"https:\/\/dimag.ibs.re.kr\/seymour70\/#website"},"primaryImageOfPage":{"@id":"https:\/\/dimag.ibs.re.kr\/seymour70\/#primaryimage"},"image":{"@id":"https:\/\/dimag.ibs.re.kr\/seymour70\/#primaryimage"},"thumbnailUrl":"https:\/\/dimag.ibs.re.kr\/seymour70\/wp-content\/uploads\/2020\/03\/SEYMOUR_SEVENTY.png","datePublished":"2019-04-08T02:27:58+00:00","dateModified":"2021-12-18T23:17:52+00:00","description":"A conference honoring the seventieth birthday of Paul Seymour. Date: June 15-19, 2020. Location: Lyon, France.","breadcrumb":{"@id":"https:\/\/dimag.ibs.re.kr\/seymour70\/#breadcrumb"},"inLanguage":"en-US","potentialAction":[{"@type":"ReadAction","target":["https:\/\/dimag.ibs.re.kr\/seymour70\/"]}]},{"@type":"ImageObject","inLanguage":"en-US","@id":"https:\/\/dimag.ibs.re.kr\/seymour70\/#primaryimage","url":"https:\/\/i0.wp.com\/dimag.ibs.re.kr\/seymour70\/wp-content\/uploads\/2020\/03\/SEYMOUR_SEVENTY.png?fit=2000%2C2828&ssl=1","contentUrl":"https:\/\/i0.wp.com\/dimag.ibs.re.kr\/seymour70\/wp-content\/uploads\/2020\/03\/SEYMOUR_SEVENTY.png?fit=2000%2C2828&ssl=1","width":2000,"height":2828},{"@type":"BreadcrumbList","@id":"https:\/\/dimag.ibs.re.kr\/seymour70\/#breadcrumb","itemListElement":[{"@type":"ListItem","position":1,"name":"Home","item":"https:\/\/dimag.ibs.re.kr\/seymour70\/"},{"@type":"ListItem","position":2,"name":"Seymour is Seventy"}]},{"@type":"WebSite","@id":"https:\/\/dimag.ibs.re.kr\/seymour70\/#website","url":"https:\/\/dimag.ibs.re.kr\/seymour70\/","name":"Seymour is Seventy","description":"June 14 - 18, 2021","potentialAction":[{"@type":"SearchAction","target":{"@type":"EntryPoint","urlTemplate":"https:\/\/dimag.ibs.re.kr\/seymour70\/?s={search_term_string}"},"query-input":"required name=search_term_string"}],"inLanguage":"en-US"}]}},"jetpack_sharing_enabled":true,"jetpack_shortlink":"https:\/\/wp.me\/PaSxX6-5","_links":{"self":[{"href":"https:\/\/dimag.ibs.re.kr\/seymour70\/wp-json\/wp\/v2\/pages\/5"}],"collection":[{"href":"https:\/\/dimag.ibs.re.kr\/seymour70\/wp-json\/wp\/v2\/pages"}],"about":[{"href":"https:\/\/dimag.ibs.re.kr\/seymour70\/wp-json\/wp\/v2\/types\/page"}],"author":[{"embeddable":true,"href":"https:\/\/dimag.ibs.re.kr\/seymour70\/wp-json\/wp\/v2\/users\/1"}],"replies":[{"embeddable":true,"href":"https:\/\/dimag.ibs.re.kr\/seymour70\/wp-json\/wp\/v2\/comments?post=5"}],"version-history":[{"count":55,"href":"https:\/\/dimag.ibs.re.kr\/seymour70\/wp-json\/wp\/v2\/pages\/5\/revisions"}],"predecessor-version":[{"id":236,"href":"https:\/\/dimag.ibs.re.kr\/seymour70\/wp-json\/wp\/v2\/pages\/5\/revisions\/236"}],"wp:attachment":[{"href":"https:\/\/dimag.ibs.re.kr\/seymour70\/wp-json\/wp\/v2\/media?parent=5"}],"curies":[{"name":"wp","href":"https:\/\/api.w.org\/{rel}","templated":true}]}}